{"id":2017,"date":"2025-04-03T07:42:51","date_gmt":"2025-04-03T07:42:51","guid":{"rendered":"https:\/\/here-and-now-app.de\/?page_id=2017"},"modified":"2025-04-28T14:16:19","modified_gmt":"2025-04-28T14:16:19","slug":"impressum","status":"publish","type":"page","link":"https:\/\/here-and-now-app.de\/en\/impressum\/","title":{"rendered":"Imprint"},"content":{"rendered":"<div data-elementor-type=\"wp-page\" data-elementor-id=\"2017\" class=\"elementor elementor-2017\" data-elementor-post-type=\"page\">\n\t\t\t\t<div class=\"elementor-element elementor-element-99032ca e-flex e-con-boxed e-con e-parent\" data-id=\"99032ca\" data-element_type=\"container\" data-e-type=\"container\">\n\t\t\t\t\t<div class=\"e-con-inner\">\n\t\t\t\t<div class=\"elementor-element elementor-element-3d7dd6f elementor-widget elementor-widget-heading\" data-id=\"3d7dd6f\" data-element_type=\"widget\" data-e-type=\"widget\" data-widget_type=\"heading.default\">\n\t\t\t\t<div class=\"elementor-widget-container\">\n\t\t\t\t\t<h2 class=\"elementor-heading-title elementor-size-default\">Imprint<\/h2>\t\t\t\t<\/div>\n\t\t\t\t<\/div>\n\t\t\t\t<div class=\"elementor-element elementor-element-8547644 elementor-widget elementor-widget-text-editor\" data-id=\"8547644\" data-element_type=\"widget\" data-e-type=\"widget\" data-widget_type=\"text-editor.default\">\n\t\t\t\t<div class=\"elementor-widget-container\">\n\t\t\t\t\t\t\t\t\t<p>Lisa Reinerth<br \/>Jahnstr. 44<br \/>53225 Bonn, Germany<\/p><h3>Contact<\/h3><p>E-Mail: contact@here-and-now-app.de<\/p><h3>Editorial responsibility<\/h3><p>Lisa Reinerth<br \/>Jahnstr. 44<br \/>53225 Bonn, Germany<\/p><h3>Content of the online offer<\/h3><p>The publisher accepts no liability for the topicality, correctness, completeness or quality of the information provided. Liability claims against the publisher relating to material or immaterial damage caused by the use or non-use of the information provided or by the use of incorrect or incomplete information are excluded, unless there is evidence of wilful intent or gross negligence on the part of the publisher.<\/p><h3>Copyright<\/h3><p>The retrieval, copying, and storage of the web pages of this online offering, their contents, or the results generated or displayed using the presentation tools may be carried out\u2014in whole or in part\u2014solely for private, non-commercial use. This use is limited to obtaining information about services offered. The transfer, use, or distribution of the data of this online offer, its contents, or results for purposes other than private use requires the written permission of the publisher. The copyright for published objects (graphics and texts) created by the publisher remains solely with the publisher. Any processing, modification, reproduction, or use of such objects in other electronic or printed publications is not permitted without the written consent of the publisher.<\/p><h3>Links to third-party offers<\/h3><p>By including hyperlinks on our website, we enable you to visit the websites of third parties in a targeted manner. We have no influence over the content of these websites and therefore cannot accept any liability for the accuracy or legality of the content provided there. At the time of including a link in our website, we checked the linked website for obvious illegal content. Nevertheless, it is not possible for us to continuously check all third-party websites linked to our website for legality. However, we will remove a link immediately if we become aware of illegal content accessible via it.<\/p>\t\t\t\t\t\t\t\t<\/div>\n\t\t\t\t<\/div>\n\t\t\t\t\t<\/div>\n\t\t\t\t<\/div>\n\t\t\t\t<\/div>","protected":false},"excerpt":{"rendered":"<p>Impressum Lisa ReinerthJahnstr. 4453225 Bonn, Deutschland Kontakt E-Mail: contact@here-and-now-app.de Redaktionell verantwortlich Lisa ReinerthJahnstr. 4453225 Bonn, Deutschland Inhalt des Onlineangebotes F\u00fcr die Aktualit\u00e4t, Korrektheit, Vollst\u00e4ndigkeit oder Qualit\u00e4t der bereitgestellten Informationen \u00fcbernimmt der Herausgeber keine Gew\u00e4hr. Haftungsanspr\u00fcche gegen den Herausgeber, welche sich auf Sch\u00e4den materieller oder ideeller Art beziehen, die durch die Nutzung oder Nichtnutzung der dargebotenen [&hellip;]<\/p>\n","protected":false},"author":1,"featured_media":0,"parent":0,"menu_order":0,"comment_status":"closed","ping_status":"closed","template":"elementor_header_footer","meta":{"site-sidebar-layout":"no-sidebar","site-content-layout":"","ast-site-content-layout":"full-width-container","site-content-style":"unboxed","site-sidebar-style":"unboxed","ast-global-header-display":"","ast-banner-title-visibility":"","ast-main-header-display":"","ast-hfb-above-header-display":"","ast-hfb-below-header-display":"","ast-hfb-mobile-header-display":"","site-post-title":"","ast-breadcrumbs-content":"","ast-featured-img":"","footer-sml-layout":"","ast-disable-related-posts":"","theme-transparent-header-meta":"default","adv-header-id-meta":"","stick-header-meta":"default","header-above-stick-meta":"","header-main-stick-meta":"","header-below-stick-meta":"","astra-migrate-meta-layouts":"set","ast-page-background-enabled":"default","ast-page-background-meta":{"desktop":{"background-color":"","background-image":"","background-repeat":"repeat","background-position":"center center","background-size":"auto","background-attachment":"scroll","background-type":"","background-media":"","overlay-type":"","overlay-color":"","overlay-opacity":"","overlay-gradient":""},"tablet":{"background-color":"","background-image":"","background-repeat":"repeat","background-position":"center center","background-size":"auto","background-attachment":"scroll","background-type":"","background-media":"","overlay-type":"","overlay-color":"","overlay-opacity":"","overlay-gradient":""},"mobile":{"background-color":"","background-image":"","background-repeat":"repeat","background-position":"center center","background-size":"auto","background-attachment":"scroll","background-type":"","background-media":"","overlay-type":"","overlay-color":"","overlay-opacity":"","overlay-gradient":""}},"ast-content-background-meta":{"desktop":{"background-color":"var(--ast-global-color-5)","background-image":"","background-repeat":"repeat","background-position":"center center","background-size":"auto","background-attachment":"scroll","background-type":"","background-media":"","overlay-type":"","overlay-color":"","overlay-opacity":"","overlay-gradient":""},"tablet":{"background-color":"var(--ast-global-color-5)","background-image":"","background-repeat":"repeat","background-position":"center center","background-size":"auto","background-attachment":"scroll","background-type":"","background-media":"","overlay-type":"","overlay-color":"","overlay-opacity":"","overlay-gradient":""},"mobile":{"background-color":"var(--ast-global-color-5)","background-image":"","background-repeat":"repeat","background-position":"center center","background-size":"auto","background-attachment":"scroll","background-type":"","background-media":"","overlay-type":"","overlay-color":"","overlay-opacity":"","overlay-gradient":""}},"footnotes":""},"class_list":["post-2017","page","type-page","status-publish","hentry"],"_links":{"self":[{"href":"https:\/\/here-and-now-app.de\/en\/wp-json\/wp\/v2\/pages\/2017","targetHints":{"allow":["GET"]}}],"collection":[{"href":"https:\/\/here-and-now-app.de\/en\/wp-json\/wp\/v2\/pages"}],"about":[{"href":"https:\/\/here-and-now-app.de\/en\/wp-json\/wp\/v2\/types\/page"}],"author":[{"embeddable":true,"href":"https:\/\/here-and-now-app.de\/en\/wp-json\/wp\/v2\/users\/1"}],"replies":[{"embeddable":true,"href":"https:\/\/here-and-now-app.de\/en\/wp-json\/wp\/v2\/comments?post=2017"}],"version-history":[{"count":41,"href":"https:\/\/here-and-now-app.de\/en\/wp-json\/wp\/v2\/pages\/2017\/revisions"}],"predecessor-version":[{"id":3337,"href":"https:\/\/here-and-now-app.de\/en\/wp-json\/wp\/v2\/pages\/2017\/revisions\/3337"}],"wp:attachment":[{"href":"https:\/\/here-and-now-app.de\/en\/wp-json\/wp\/v2\/media?parent=2017"}],"curies":[{"name":"wp","href":"https:\/\/api.w.org\/{rel}","templated":true}]}}